{"id":1441,"date":"2024-09-18T17:22:35","date_gmt":"2024-09-18T17:22:35","guid":{"rendered":"https:\/\/americargo.net\/eng\/?page_id=1441"},"modified":"2024-10-21T17:19:10","modified_gmt":"2024-10-21T17:19:10","slug":"preguntas-frecuentes","status":"publish","type":"page","link":"https:\/\/americargo.net\/eng\/preguntas-frecuentes\/","title":{"rendered":"Preguntas Frecuentes"},"content":{"rendered":"\n<p>Con la intenci\u00f3n de resolver algunas de las preguntas frecuentes de nuestros clientes, compartimos contigo esta informaci\u00f3n, esperando sea de valor y podamos ayudarte a resolver tus dudas.<\/p>\n\n\n\n<ol class=\"wp-block-list\">\n<li><strong>\u00bfQu\u00e9 servicios ofrece Americargo Logistics\u00ae?<\/strong>\n<ul class=\"wp-block-list\">\n<li>Americargo Logistics proporciona soluciones log\u00edsticas integrales que incluyen servicios de transporte mar\u00edtimo, a\u00e9reo y terrestre, adaptados a las necesidades de nuestros clientes.<br><\/li>\n<\/ul>\n<\/li>\n\n\n\n<li><strong>\u00bfQu\u00e9 \u00e1reas geogr\u00e1ficas cubren sus servicios de log\u00edstica?<\/strong>\n<ul class=\"wp-block-list\">\n<li>Ofrecemos cobertura tanto a nivel nacional como internacional, con redes establecidas en Am\u00e9rica, Europa, Asia y otras regiones clave para el comercio global.<br><\/li>\n<\/ul>\n<\/li>\n\n\n\n<li><strong>\u00bfC\u00f3mo puedo obtener una cotizaci\u00f3n para un env\u00edo?<\/strong>\n<ul class=\"wp-block-list\">\n<li>Puede solicitar una cotizaci\u00f3n contactando a nuestro equipo de ventas a trav\u00e9s de WhatsApp o enviando un correo electr\u00f3nico a info@americargo.net, y estaremos encantados de ayudarle.<br><\/li>\n<\/ul>\n<\/li>\n\n\n\n<li><strong>\u00bfC\u00f3mo rastreo mi mercanc\u00eda?<\/strong>\n<ul class=\"wp-block-list\">\n<li>Puede rastrear su env\u00edo en tiempo real utilizando nuestro sistema de seguimiento en l\u00ednea. Tambi\u00e9n puede realizar consultas personalizadas con nuestro equipo de tr\u00e1fico para obtener informaci\u00f3n adicional.<br><\/li>\n<\/ul>\n<\/li>\n\n\n\n<li><strong>\u00bfC\u00f3mo aseguro mi carga?<\/strong>\n<ul class=\"wp-block-list\">\n<li>Ofrecemos opciones de seguro para mercanc\u00eda y contenedores, dise\u00f1adas para proteger su carga durante el tr\u00e1nsito. Le invitamos a consultar con nuestro equipo sobre las tarifas y coberturas disponibles.<br><\/li>\n<\/ul>\n<\/li>\n\n\n\n<li><strong>\u00bfCu\u00e1les son las formas de pago aceptadas?<\/strong>\n<ul class=\"wp-block-list\">\n<li>Aceptamos pagos mediante transferencias interbancarias, brindando un m\u00e9todo seguro y eficiente para nuestras transacciones.<br><\/li>\n<\/ul>\n<\/li>\n\n\n\n<li><strong>\u00bfC\u00f3mo garantizan la seguridad de mi mercanc\u00eda durante el transporte?<\/strong>\n<ul class=\"wp-block-list\">\n<li>Implementamos tecnolog\u00eda avanzada de monitoreo y seguimiento en tiempo real, as\u00ed como estrictos protocolos de seguridad, para asegurar que su mercanc\u00eda est\u00e9 protegida en todo momento durante el transporte.<br><\/li>\n<\/ul>\n<\/li>\n\n\n\n<li><strong>\u00bfQu\u00e9 pasa si mi mercanc\u00eda sufre da\u00f1os durante el transporte?<\/strong>\n<ul class=\"wp-block-list\">\n<li>En caso de que su mercanc\u00eda sufra da\u00f1os durante el transporte, se llevar\u00e1 a cabo una revisi\u00f3n junto con el ejecutivo de tr\u00e1fico para determinar las circunstancias en las que ocurri\u00f3 el da\u00f1o y se establecer\u00e1 un m\u00e9todo de compensaci\u00f3n personalizado.<\/li>\n<\/ul>\n<\/li>\n<\/ol>\n\n\n\n<p>Para cualquier otra duda, te pedimos nos contactes <strong>v\u00eda tel\u00e9fonica al +52(33)1815-3232<\/strong>, o bien, por medio de <strong>whastapp en el +52(33)3100-0777<\/strong> para atenderte de manera personalizada.<\/p>\n\n\n\n<p><\/p>\n","protected":false},"excerpt":{"rendered":"<p>Con la intenci\u00f3n de resolver algunas de las preguntas frecuentes de nuestros clientes, compartimos contigo esta informaci\u00f3n, esperando sea de valor y podamos ayudarte a resolver tus dudas. Para cualquier otra duda, te pedimos nos contactes v\u00eda tel\u00e9fonica al +52(33)1815-3232, o bien, por medio de whastapp en el +52(33)3100-0777 para atenderte de manera personalizada.<\/p>\n","protected":false},"author":1,"featured_media":0,"parent":0,"menu_order":0,"comment_status":"closed","ping_status":"closed","template":"","meta":{"footnotes":""},"class_list":["post-1441","page","type-page","status-publish","hentry"],"aioseo_notices":[],"_links":{"self":[{"href":"https:\/\/americargo.net\/eng\/wp-json\/wp\/v2\/pages\/1441","targetHints":{"allow":["GET"]}}],"collection":[{"href":"https:\/\/americargo.net\/eng\/wp-json\/wp\/v2\/pages"}],"about":[{"href":"https:\/\/americargo.net\/eng\/wp-json\/wp\/v2\/types\/page"}],"author":[{"embeddable":true,"href":"https:\/\/americargo.net\/eng\/wp-json\/wp\/v2\/users\/1"}],"replies":[{"embeddable":true,"href":"https:\/\/americargo.net\/eng\/wp-json\/wp\/v2\/comments?post=1441"}],"version-history":[{"count":6,"href":"https:\/\/americargo.net\/eng\/wp-json\/wp\/v2\/pages\/1441\/revisions"}],"predecessor-version":[{"id":1532,"href":"https:\/\/americargo.net\/eng\/wp-json\/wp\/v2\/pages\/1441\/revisions\/1532"}],"wp:attachment":[{"href":"https:\/\/americargo.net\/eng\/wp-json\/wp\/v2\/media?parent=1441"}],"curies":[{"name":"wp","href":"https:\/\/api.w.org\/{rel}","templated":true}]}}