{"id":19,"date":"2016-11-03T15:19:14","date_gmt":"2016-11-03T15:19:14","guid":{"rendered":"https:\/\/americargo.net\/eng\/?page_id=19"},"modified":"2025-07-01T17:05:45","modified_gmt":"2025-07-01T17:05:45","slug":"sobre-nosotros","status":"publish","type":"page","link":"https:\/\/americargo.net\/eng\/sobre-nosotros\/","title":{"rendered":"Sobre Nosotros"},"content":{"rendered":"<div class=\"wpb-content-wrapper\"><p>[vc_row][vc_column][vc_column_text css=&#8221;&#8221;]\n\t\t\t\t<p class=\"rs-p-wp-fix\"><\/p>\n\t\t\t\t<sr7-module data-alias=\"home-3\" data-id=\"3\" id=\"SR7_3_1\" class=\"rs-ov-hidden\" data-version=\"6.7.9\">\n\t\t\t\t\t<sr7-adjuster><\/sr7-adjuster>\n\t\t\t\t\t<sr7-content>\n\t\t\t\t\t\t<sr7-slide id=\"SR7_3_1-8\" data-key=\"8\">\n\t\t\t\t\t\t\t<sr7-bg id=\"SR7_3_1-8-4\" class=\"sr7-layer\"><noscript><img decoding=\"async\" src=\"https:\/\/americargo.net\/eng\/wp-content\/uploads\/2025\/05\/un-despachador-que-utiliza-una-tableta-para-rastrear-la-ubicacion-de-los-vehiculos-en-una-flota-logistica-scaled.jpg\" alt=\"\" title=\"A dispatcher using a tablet to track the location of vehicles in a logistics fleet\"><\/noscript><\/sr7-bg>\n\t\t\t\t\t\t\t<sr7-txt id=\"SR7_3_1-8-1\" class=\"sr7-layer\">Nuestro<\/sr7-txt>\n\t\t\t\t\t\t\t<sr7-txt id=\"SR7_3_1-8-2\" class=\"sr7-layer\">Prop\u00f3sito<\/sr7-txt>\n\t\t\t\t\t\t\t<h2 id=\"SR7_3_1-8-3\" class=\"sr7-layer\">Simplificar la log\u00edstica global empoderando a las personas, impulsando el progreso y construyendo un futuro mejor para \n<span class=\"avanzar\">AVANZAR<\/span> con nuestros clientes, nuestro equipo y nuestras comunidades. <\/h2>\n\t\t\t\t\t\t<\/sr7-slide>\n\t\t\t\t\t\t<sr7-slide id=\"SR7_3_1-14\" data-key=\"14\">\n\t\t\t\t\t\t<\/sr7-slide>\n\t\t\t\t\t<\/sr7-content>\n\t\t\t\t\t<image_lists style=\"display:none\">\n\t\t\t\t\t\t<img data-src=\"\/\/americargo.net\/eng\/wp-content\/uploads\/2025\/05\/un-despachador-que-utiliza-una-tableta-para-rastrear-la-ubicacion-de-los-vehiculos-en-una-flota-logistica-scaled.jpg\" alt=\"cdn_helper\" data-libid=\"1828\" data-lib=\"medialibrary\" width=\"0\" height=\"0\" data-dbsrc=\"Ly9hbWVyaWNhcmdvLm5ldC9lbmcvd3AtY29udGVudC91cGxvYWRzLzIwMjUvMDUvdW4tZGVzcGFjaGFkb3ItcXVlLXV0aWxpemEtdW5hLXRhYmxldGEtcGFyYS1yYXN0cmVhci1sYS11YmljYWNpb24tZGUtbG9zLXZlaGljdWxvcy1lbi11bmEtZmxvdGEtbG9naXN0aWNhLXNjYWxlZC5qcGc=\"\/>\n\t\t\t\t\t<\/image_lists>\n\t\t\t\t<\/sr7-module>\n\t\t\t\t<script>\n\t\t\t\t\tSR7.PMH ??={}; SR7.PMH[\"SR7_3_1\"] = {cn:0,state:false,fn: function() { if (_tpt!==undefined && _tpt.prepareModuleHeight !== undefined) {  _tpt.prepareModuleHeight({id:\"SR7_3_1\",el:[740,740,768,700,720],type:'standard',shdw:'0',gh:[740,740,768,700,720],gw:[1170,1170,1024,778,480],vpt:['-200px&#039;,&#039;-200px&#039;,&#039;-200px&#039;,&#039;-200px&#039;,&#039;-200px'],size:{fullWidth:true, fullHeight:false},mh:'0',onh:0,onw:0,bg:{color:'{\"orig\":\"transparent\",\"type\":\"solid\",\"string\":\"transparent\"}'},plType:'0',plColor:'#FFFFFF'});   SR7.PMH[\"SR7_3_1\"].state=true;} else if((SR7.PMH[\"SR7_3_1\"].cn++)<100)\tsetTimeout( SR7.PMH[\"SR7_3_1\"].fn,19);}};SR7.PMH[\"SR7_3_1\" ].fn();\n\t\t\t\t<\/script>\n[\/vc_column_text][\/vc_column][\/vc_row][vc_row full_width=&#8221;stretch_row&#8221; css=&#8221;.vc_custom_1750820697946{background: #f7f7f7 url(https:\/\/americargo.net\/eng\/wp-content\/uploads\/2016\/11\/bg-2-copyright.jpg?id=499) !important;background-position: 0 0 !important;background-repeat: no-repeat !important;}&#8221;][vc_column][vc_empty_space height=&#8221;6.6em&#8221; alter_height=&#8221;none&#8221; hide_on_mobile=&#8221;&#8221;]<div  id=\"sc_promo_805313525\" \r\n\tclass=\"sc_promo sc_promo_default sc_promo_size_small sc_promo_image_position_right\"><div class=\"sc_promo_image\" style=\"background-image:url(https:\/\/americargo.net\/eng\/wp-content\/uploads\/2024\/09\/Blog-AugeDeElNearshoring.jpg);width:50%;right: 0;\"><\/div><div class=\"sc_promo_text\" style=\"width: 50%;float: left;\">\r\n\t\t\t<div class=\"sc_promo_text_inner\" style=\"\"><h6 class=\"sc_item_subtitle sc_promo_subtitle sc_align_default sc_item_title_style_default\">Sobre Nosotros<\/h6><h2 class=\"sc_item_title sc_promo_title sc_align_default sc_item_title_style_default\">Americargo<\/h2><div class=\"sc_item_descr sc_promo_descr sc_align_default\"><p><strong>Nuestro compromiso es con el cliente y socios comerciales, brindando<span style=\"color: #df3629;\"> soluciones integrales de log\u00edstica global, <\/span>con informaci\u00f3n precisa, puntual y segura.<\/strong><\/p>\n\nSomos una empresa mexicana con 15 a\u00f1os de experiencia en el mercado. Nos enfocamos en el desarrollo de soluciones con los m\u00e1s altos est\u00e1ndares de servicio, calidad y competitividad a trav\u00e9s de una red de oficinas con presencia global y una gama de servicios hechos a la medida de cada uno de nuestros clientes.<\/div><\/div>\r\n\t\t<\/div><!-- \/.sc_promo_text --><\/div><!-- \/.sc_promo -->[vc_empty_space height=&#8221;8.4em&#8221; alter_height=&#8221;none&#8221; hide_on_mobile=&#8221;&#8221;][\/vc_column][\/vc_row][vc_row full_width=&#8221;stretch_row&#8221; css=&#8221;.vc_custom_1748484473238{background-image: url(https:\/\/americargo.net\/eng\/wp-content\/uploads\/2024\/09\/FondoCargo.jpg?id=1399) !important;}&#8221;][vc_column][vc_empty_space height=&#8221;3.5em&#8221; alter_height=&#8221;none&#8221; hide_on_mobile=&#8221;&#8221;]<div id=\"sc_skills_1326472682\"\r\n\t\tclass=\"sc_skills sc_skills_counter\"\r\n\t\t\t\tdata-type=\"counter\"\r\n\t\t><div class=\"sc_skills_columns sc_item_columns trx_addons_columns_wrap columns_padding_bottom\"><div class=\"sc_skills_column trx_addons_column-1_3\"><div class=\"sc_skills_item_wrap\"><div class=\"sc_skills_item\"><div class=\"sc_skills_icon icon-1\"><\/div><div class=\"sc_skills_total\" data-start=\"0\" data-stop=\"1\" data-step=\"4\" data-max=\"400\" data-speed=\"20\" data-duration=\"5\" data-ed=\"\">0<\/div><\/div><div class=\"sc_skills_item_title\">Garant\u00eda de Servicio<\/div><\/div><\/div><div class=\"sc_skills_column trx_addons_column-1_3\"><div class=\"sc_skills_item_wrap\"><div class=\"sc_skills_item\"><div class=\"sc_skills_icon icon-2\"><\/div><div class=\"sc_skills_total\" data-start=\"0\" data-stop=\"2\" data-step=\"4\" data-max=\"400\" data-speed=\"35\" data-duration=\"18\" data-ed=\"\">0<\/div><\/div><div class=\"sc_skills_item_title\">Atenci\u00f3n personalizada<\/div><\/div><\/div><div class=\"sc_skills_column trx_addons_column-1_3\"><div class=\"sc_skills_item_wrap\"><div class=\"sc_skills_item\"><div class=\"sc_skills_icon icon-sphere\"><\/div><div class=\"sc_skills_total\" data-start=\"0\" data-stop=\"3\" data-step=\"4\" data-max=\"400\" data-speed=\"12\" data-duration=\"9\" data-ed=\"\">0<\/div><\/div><div class=\"sc_skills_item_title\">Servicio Internacional<\/div><\/div><\/div><\/div><\/div>[\/vc_column][\/vc_row][vc_row full_width=&#8221;stretch_row&#8221; css=&#8221;.vc_custom_1750819887085{background-color: #f7f7f7 !important;}&#8221;][vc_column width=&#8221;1\/6&#8243;][\/vc_column][vc_column width=&#8221;2\/3&#8243;][vc_empty_space height=&#8221;5em&#8221; alter_height=&#8221;none&#8221; hide_on_mobile=&#8221;&#8221;][vc_column_text css=&#8221;&#8221;]<\/p>\n<h6 style=\"text-align: center;\"><span style=\"color: #004f98;\">VALORES, MISI\u00d3N Y VISI\u00d3N<\/span><\/h6>\n<h1 style=\"text-align: center;\">Identidad y Prop\u00f3sito<\/h1>\n<h2 style=\"text-align: center;\">VALORES<\/h2>\n<p>[\/vc_column_text][vc_empty_space height=&#8221;3em&#8221; alter_height=&#8221;none&#8221; hide_on_mobile=&#8221;&#8221;][vc_row_inner][vc_column_inner width=&#8221;1\/5&#8243;][vc_single_image image=&#8221;1887&#8243; css=&#8221;&#8221;][\/vc_column_inner][vc_column_inner width=&#8221;1\/5&#8243;][vc_single_image image=&#8221;1888&#8243; css=&#8221;&#8221;][\/vc_column_inner][vc_column_inner width=&#8221;1\/5&#8243;][vc_single_image image=&#8221;1889&#8243; css=&#8221;&#8221;][\/vc_column_inner][vc_column_inner width=&#8221;1\/5&#8243;][vc_single_image image=&#8221;1890&#8243; css=&#8221;&#8221;][\/vc_column_inner][vc_column_inner width=&#8221;1\/5&#8243;][vc_single_image image=&#8221;1891&#8243; css=&#8221;&#8221;][\/vc_column_inner][\/vc_row_inner][vc_empty_space height=&#8221;3em&#8221; alter_height=&#8221;none&#8221; hide_on_mobile=&#8221;&#8221;][vc_column_text css=&#8221;&#8221;]<\/p>\n<p style=\"text-align: center;\"><strong>INTEGRIDAD \u2013<\/strong> Actuamos con honestidad, lealtad y transparencia en todas nuestras acciones.<br \/>\n<strong>COMPROMISO \u2013<\/strong> Mantenemos una actitud resiliente y una pasi\u00f3n constante por la superaci\u00f3n.<br \/>\n<strong>RESPETO \u2013<\/strong> Promovemos la cordialidad, la empat\u00eda y la valoraci\u00f3n de cada persona.<br \/>\n<strong>RESPONSABILIDAD \u2013<\/strong> Asumimos nuestros compromisos con enfoque integral y sentido de prop\u00f3sito.<br \/>\n<strong>EXCELENCIA OPERATIVA \u2013<\/strong> Buscamos eficiencia y calidad en cada proceso..<\/p>\n<p>[\/vc_column_text][vc_separator css=&#8221;&#8221;][vc_column_text css=&#8221;&#8221;]<\/p>\n<h2 style=\"text-align: center;\">MISI\u00d3N<\/h2>\n<p>[\/vc_column_text][vc_column_text css=&#8221;&#8221;]<\/p>\n<p style=\"text-align: center;\">Ofrecemos soluciones\u00a0 log\u00edsticas globales e integrales que garantizan eficiencia,\u00a0 precisi\u00f3n y seguridad, mientras superamos las expectativas de nuestros clientes y socios comerciales.<\/p>\n<p>[\/vc_column_text][vc_separator css=&#8221;&#8221;][vc_column_text css=&#8221;&#8221;]<\/p>\n<h2 style=\"text-align: center;\">VISI\u00d3N<\/h2>\n<p>[\/vc_column_text][vc_column_text css=&#8221;&#8221;]<\/p>\n<p style=\"text-align: center;\">Ser el aliado de confianza de nuestros clientes, reconocidos por nuestro servicio,\u00a0 innovaci\u00f3n y compromiso con su crecimiento y el desarrollo de nuestro equipo.<\/p>\n<p>[\/vc_column_text][vc_separator css=&#8221;&#8221;][\/vc_column][vc_column width=&#8221;1\/6&#8243;][\/vc_column][\/vc_row][vc_row full_width=&#8221;stretch_row&#8221; css=&#8221;.vc_custom_1750820729207{background-color: #f7f7f7 !important;}&#8221;][vc_column][vc_empty_space height=&#8221;5em&#8221; alter_height=&#8221;none&#8221; hide_on_mobile=&#8221;&#8221;]<div  id=\"sc_testimonials_1090764348\"            class=\"sc_testimonials sc_testimonials_default swiper-slider-container slider_swiper slider_noresize slider_nocontrols slider_nopagination\" data-slides-per-view=\"2\" data-slides-space=\"30\" data-interval=\"0\" data-slides-min-width=\"150\"\t\t>\r\n\t\t<h6 class=\"sc_item_subtitle sc_testimonials_subtitle sc_align_center sc_item_title_style_default\">AMERICARGO ES GARANT\u00cdA<\/h6><h2 class=\"sc_item_title sc_testimonials_title sc_align_center sc_item_title_style_default\">De Nuestros Clientes<\/h2><div class=\"sc_testimonials_slider sc_item_slider slides swiper-wrapper\"><div class=\"swiper-slide\"><div class=\"sc_testimonials_item\">\r\n\t<div class=\"sc_testimonials_item_content\"><p>Satisfecho con el servicio de esta empresa. Han sido verdaderamente un aliado estrat\u00e9gico en la soluci\u00f3n de problemas de log\u00edstica para nuestra empresa en los \u00faltimos a\u00f1os.<\/p>\n<\/div>\r\n\t<div class=\"sc_testimonials_item_author\">\r\n\t\t\t\t\t<div class=\"sc_testimonials_item_author_avatar\"><img loading=\"lazy\" decoding=\"async\" width=\"90\" height=\"90\" src=\"https:\/\/americargo.net\/eng\/wp-content\/uploads\/2016\/11\/team-2-copyright-90x90.jpg\" class=\"attachment-translogic-thumb-tiny size-translogic-thumb-tiny wp-post-image\" alt=\"Rodrigo Camarena\" srcset=\"https:\/\/americargo.net\/eng\/wp-content\/uploads\/2016\/11\/team-2-copyright-90x90.jpg 90w, https:\/\/americargo.net\/eng\/wp-content\/uploads\/2016\/11\/team-2-copyright-300x300.jpg 300w, https:\/\/americargo.net\/eng\/wp-content\/uploads\/2016\/11\/team-2-copyright-150x150.jpg 150w, https:\/\/americargo.net\/eng\/wp-content\/uploads\/2016\/11\/team-2-copyright-370x370.jpg 370w, https:\/\/americargo.net\/eng\/wp-content\/uploads\/2016\/11\/team-2-copyright.jpg 693w\" sizes=\"auto, (max-width: 90px) 100vw, 90px\" \/><\/div>\r\n\t\t\t\t<div class=\"sc_testimonials_item_author_data\">\r\n\t\t\t<h4 class=\"sc_testimonials_item_author_title\">Rodrigo Camarena<\/h4>\r\n\t\t\t<div class=\"sc_testimonials_item_author_subtitle\">Cliente<\/div>\r\n\t\t<\/div>\r\n\t<\/div>\r\n<\/div>\r\n<\/div><div class=\"swiper-slide\"><div class=\"sc_testimonials_item\">\r\n\t<div class=\"sc_testimonials_item_content\"><p>Gracias a Americargo hemos hecho posible la entrega de nuestra mercanc\u00eda a nuestros clientes en tiempo y forma. Un servicio profesional y recomendable.<\/p>\n<\/div>\r\n\t<div class=\"sc_testimonials_item_author\">\r\n\t\t\t\t\t<div class=\"sc_testimonials_item_author_avatar\"><img loading=\"lazy\" decoding=\"async\" width=\"90\" height=\"90\" src=\"https:\/\/americargo.net\/eng\/wp-content\/uploads\/2016\/11\/testimonial-3-copyright-90x90.jpg\" class=\"attachment-translogic-thumb-tiny size-translogic-thumb-tiny wp-post-image\" alt=\"Alejandra De Le\u00f3n\" srcset=\"https:\/\/americargo.net\/eng\/wp-content\/uploads\/2016\/11\/testimonial-3-copyright-90x90.jpg 90w, https:\/\/americargo.net\/eng\/wp-content\/uploads\/2016\/11\/testimonial-3-copyright-300x300.jpg 300w, https:\/\/americargo.net\/eng\/wp-content\/uploads\/2016\/11\/testimonial-3-copyright-150x150.jpg 150w, https:\/\/americargo.net\/eng\/wp-content\/uploads\/2016\/11\/testimonial-3-copyright-370x370.jpg 370w, https:\/\/americargo.net\/eng\/wp-content\/uploads\/2016\/11\/testimonial-3-copyright.jpg 500w\" sizes=\"auto, (max-width: 90px) 100vw, 90px\" \/><\/div>\r\n\t\t\t\t<div class=\"sc_testimonials_item_author_data\">\r\n\t\t\t<h4 class=\"sc_testimonials_item_author_title\">Alejandra De Le\u00f3n<\/h4>\r\n\t\t\t<div class=\"sc_testimonials_item_author_subtitle\">Cliente<\/div>\r\n\t\t<\/div>\r\n\t<\/div>\r\n<\/div>\r\n<\/div><div class=\"swiper-slide\"><div class=\"sc_testimonials_item\">\r\n\t<div class=\"sc_testimonials_item_content\"><p>Hemos confiado nuestra log\u00edstica a Americargo gracias a una recomendaci\u00f3n de un socio, y hemos confirmado as\u00ed la experiencia de esta empresa en el ramo de fletes de importaci\u00f3n y exportaci\u00f3n.<\/p>\n<\/div>\r\n\t<div class=\"sc_testimonials_item_author\">\r\n\t\t\t\t\t<div class=\"sc_testimonials_item_author_avatar\"><img loading=\"lazy\" decoding=\"async\" width=\"90\" height=\"90\" src=\"https:\/\/americargo.net\/eng\/wp-content\/uploads\/2016\/11\/team-4-copyright-90x90.jpg\" class=\"attachment-translogic-thumb-tiny size-translogic-thumb-tiny wp-post-image\" alt=\"Doug Ramsey\" srcset=\"https:\/\/americargo.net\/eng\/wp-content\/uploads\/2016\/11\/team-4-copyright-90x90.jpg 90w, https:\/\/americargo.net\/eng\/wp-content\/uploads\/2016\/11\/team-4-copyright-300x300.jpg 300w, https:\/\/americargo.net\/eng\/wp-content\/uploads\/2016\/11\/team-4-copyright-150x150.jpg 150w, https:\/\/americargo.net\/eng\/wp-content\/uploads\/2016\/11\/team-4-copyright-370x370.jpg 370w, https:\/\/americargo.net\/eng\/wp-content\/uploads\/2016\/11\/team-4-copyright.jpg 657w\" sizes=\"auto, (max-width: 90px) 100vw, 90px\" \/><\/div>\r\n\t\t\t\t<div class=\"sc_testimonials_item_author_data\">\r\n\t\t\t<h4 class=\"sc_testimonials_item_author_title\">Doug Ramsey<\/h4>\r\n\t\t\t<div class=\"sc_testimonials_item_author_subtitle\">Cliente<\/div>\r\n\t\t<\/div>\r\n\t<\/div>\r\n<\/div>\r\n<\/div><\/div><\/div><!-- \/.sc_testimonials -->[vc_empty_space height=&#8221;5em&#8221; alter_height=&#8221;none&#8221; hide_on_mobile=&#8221;&#8221;][\/vc_column][\/vc_row]<\/p>\n<\/div>","protected":false},"excerpt":{"rendered":"<p>[vc_row][vc_column][vc_column_text css=&#8221;&#8221;][\/vc_column_text][\/vc_column][\/vc_row][vc_row full_width=&#8221;stretch_row&#8221; css=&#8221;.vc_custom_1750820697946{background: #f7f7f7 url(https:\/\/americargo.net\/eng\/wp-content\/uploads\/2016\/11\/bg-2-copyright.jpg?id=499) !important;background-position: 0 0 !important;background-repeat: no-repeat !important;}&#8221;][vc_column][vc_empty_space height=&#8221;6.6em&#8221; alter_height=&#8221;none&#8221; hide_on_mobile=&#8221;&#8221;][vc_empty_space height=&#8221;8.4em&#8221; alter_height=&#8221;none&#8221; hide_on_mobile=&#8221;&#8221;][\/vc_column][\/vc_row][vc_row full_width=&#8221;stretch_row&#8221; css=&#8221;.vc_custom_1748484473238{background-image: url(https:\/\/americargo.net\/eng\/wp-content\/uploads\/2024\/09\/FondoCargo.jpg?id=1399) !important;}&#8221;][vc_column][vc_empty_space height=&#8221;3.5em&#8221; alter_height=&#8221;none&#8221; hide_on_mobile=&#8221;&#8221;][\/vc_column][\/vc_row][vc_row full_width=&#8221;stretch_row&#8221; css=&#8221;.vc_custom_1750819887085{background-color: #f7f7f7 !important;}&#8221;][vc_column width=&#8221;1\/6&#8243;][\/vc_column][vc_column width=&#8221;2\/3&#8243;][vc_empty_space height=&#8221;5em&#8221; alter_height=&#8221;none&#8221; hide_on_mobile=&#8221;&#8221;][vc_column_text css=&#8221;&#8221;] VALORES, MISI\u00d3N Y VISI\u00d3N Identidad y Prop\u00f3sito VALORES [\/vc_column_text][vc_empty_space height=&#8221;3em&#8221; alter_height=&#8221;none&#8221; hide_on_mobile=&#8221;&#8221;][vc_row_inner][vc_column_inner width=&#8221;1\/5&#8243;][vc_single_image image=&#8221;1887&#8243; css=&#8221;&#8221;][\/vc_column_inner][vc_column_inner width=&#8221;1\/5&#8243;][vc_single_image image=&#8221;1888&#8243; css=&#8221;&#8221;][\/vc_column_inner][vc_column_inner width=&#8221;1\/5&#8243;][vc_single_image image=&#8221;1889&#8243; css=&#8221;&#8221;][\/vc_column_inner][vc_column_inner width=&#8221;1\/5&#8243;][vc_single_image image=&#8221;1890&#8243; css=&#8221;&#8221;][\/vc_column_inner][vc_column_inner width=&#8221;1\/5&#8243;][vc_single_image&hellip;<\/p>\n","protected":false},"author":1,"featured_media":0,"parent":0,"menu_order":0,"comment_status":"closed","ping_status":"closed","template":"","meta":{"footnotes":""},"class_list":["post-19","page","type-page","status-publish","hentry"],"aioseo_notices":[],"_links":{"self":[{"href":"https:\/\/americargo.net\/eng\/wp-json\/wp\/v2\/pages\/19","targetHints":{"allow":["GET"]}}],"collection":[{"href":"https:\/\/americargo.net\/eng\/wp-json\/wp\/v2\/pages"}],"about":[{"href":"https:\/\/americargo.net\/eng\/wp-json\/wp\/v2\/types\/page"}],"author":[{"embeddable":true,"href":"https:\/\/americargo.net\/eng\/wp-json\/wp\/v2\/users\/1"}],"replies":[{"embeddable":true,"href":"https:\/\/americargo.net\/eng\/wp-json\/wp\/v2\/comments?post=19"}],"version-history":[{"count":28,"href":"https:\/\/americargo.net\/eng\/wp-json\/wp\/v2\/pages\/19\/revisions"}],"predecessor-version":[{"id":1963,"href":"https:\/\/americargo.net\/eng\/wp-json\/wp\/v2\/pages\/19\/revisions\/1963"}],"wp:attachment":[{"href":"https:\/\/americargo.net\/eng\/wp-json\/wp\/v2\/media?parent=19"}],"curies":[{"name":"wp","href":"https:\/\/api.w.org\/{rel}","templated":true}]}}