{"id":21,"date":"2016-11-03T15:19:27","date_gmt":"2016-11-03T15:19:27","guid":{"rendered":"https:\/\/americargo.net\/eng\/?page_id=21"},"modified":"2025-07-01T16:53:29","modified_gmt":"2025-07-01T16:53:29","slug":"servicios","status":"publish","type":"page","link":"https:\/\/americargo.net\/eng\/servicios\/","title":{"rendered":"Servicios"},"content":{"rendered":"<div class=\"wpb-content-wrapper\"><p>[vc_row][vc_column][vc_empty_space height=&#8221;5em&#8221; alter_height=&#8221;none&#8221; hide_on_mobile=&#8221;&#8221;]<div  id=\"sc_services_1899536095\"            class=\"sc_services sc_services_iconed\" data-interval=\"0\" data-slides-min-width=\"250\"\t\t>\r\n\t\t<h6 class=\"sc_item_subtitle sc_services_subtitle sc_align_center sc_item_title_style_default\">Principales<\/h6><h2 class=\"sc_item_title sc_services_title sc_align_center sc_item_title_style_default\">Servicios<\/h2><div class=\"sc_item_descr sc_services_descr sc_align_center\">En Americargo Logistic ofrecemos distintos servicios para brindar soluciones de vanguardia para el mercado de fletes de importaci\u00f3n y exportaci\u00f3n.<\/div><div class=\"sc_services_content sc_item_content\"><div class=\"sc_services_item with_icon sc_services_item_featured_top\">\r\n\t<div class=\"sc_services_item_header\">\r\n\t\t<a href=\"https:\/\/americargo.net\/eng\/services\/air-freight\/\"\r\n\t\t\t\t id=\"sc_services_1899536095_icon-air\"\r\n\t\t\t\t class=\"sc_services_item_icon icon-air\"\r\n\t\t\t\t ><\/a>\t\r\n\t\t<h4 class=\"sc_services_item_title\"><a href=\"https:\/\/americargo.net\/eng\/services\/air-freight\/\">A\u00e9reo<\/a><\/h4>\r\n\t\t<div class=\"sc_services_item_subtitle\"><a href=\"https:\/\/americargo.net\/eng\/services_group\/icon-services\/\" title=\"View all posts in Icon Services\">Icon Services<\/a><\/div>\r\n\t<\/div>\r\n\t\t\t<div class=\"sc_services_item_content\">\r\n\t\t\t<div class=\"sc_services_item_text\"><p>&#8211; Importaci\u00f3n y exportaci\u00f3n de carga a\u00e9rea en cualquier modalidad:<br \/>\n&#8211; Carga general<br \/>\n&#8211; Carga IMO\/HAZMAT<br \/>\n&#8211; NFO<br \/>\n&#8211; Perecederos<br \/>\n&#8211; Estibable y no estibable<\/p>\n<\/div>\r\n\t\t\t<div class=\"sc_services_item_button sc_item_button\"><a href=\"https:\/\/americargo.net\/eng\/services\/air-freight\/\" class=\"sc_button sc_button_simple\">Learn more<\/a><\/div>\r\n\t\t<\/div>\r\n\t<\/div>\r\n<\/div><\/div><!-- \/.sc_services -->[vc_row_inner][vc_column_inner][vc_empty_space hide_on_mobile=&#8221;&#8221;][\/vc_column_inner][\/vc_row_inner][vc_separator css=&#8221;&#8221;][\/vc_column][\/vc_row][vc_row full_width=&#8221;stretch_row&#8221; css=&#8221;.vc_custom_1748486997582{padding-top: 50px !important;padding-bottom: 50px !important;background-color: #004f94 !important;}&#8221;][vc_column][vc_column_text css=&#8221;&#8221;]<\/p>\n<h5 style=\"text-align: center;\"><span style=\"color: #dee9ff;\">LOG\u00cdSTICA INTERNACIONAL Y DE VANGUARDIA<\/span><\/h5>\n<h2 style=\"text-align: center;\"><span style=\"color: #ffffff;\">FLETES DE IMPORTACI\u00d3N Y EXPORTACI\u00d3N<\/span><\/h2>\n<p>[\/vc_column_text][\/vc_column][\/vc_row][vc_row full_width=&#8221;stretch_row&#8221; css=&#8221;.vc_custom_1748487067521{background-color: #f2f2f2 !important;}&#8221;][vc_column][vc_empty_space height=&#8221;10.2em&#8221; alter_height=&#8221;none&#8221; hide_on_mobile=&#8221;&#8221;]<div id=\"sc_content_101224305\"\r\n\t\tclass=\"scheme_default sc_content sc_content_default\"><h6 class=\"sc_item_subtitle sc_content_subtitle sc_align_center sc_item_title_style_default\">Informaci\u00f3n de valor<\/h6><h2 class=\"sc_item_title sc_content_title sc_align_center sc_item_title_style_default\">Preguntas Frecuentes<\/h2><div class=\"sc_content_container\">[vc_empty_space height=&#8221;3em&#8221; alter_height=&#8221;none&#8221; hide_on_mobile=&#8221;&#8221;][vc_row_inner][vc_column_inner width=&#8221;1\/2&#8243;][vc_toggle title=&#8221;\u00bfQu\u00e9 servicios ofrece Americargo Logistics\u00ae?&#8221; css=&#8221;&#8221; el_id=&#8221;1478522705831-a711f1a7-6b6e&#8221;]Americargo Logistics proporciona soluciones log\u00edsticas integrales que incluyen servicios de transporte mar\u00edtimo, a\u00e9reo y terrestre, adaptados a las necesidades de nuestros clientes.[\/vc_toggle][vc_toggle title=&#8221;\u00bfQu\u00e9 \u00e1reas geogr\u00e1ficas cubren sus servicios de log\u00edstica?&#8221; css=&#8221;&#8221; el_id=&#8221;1478522644254-4c1f9f40-4f4c&#8221;]Ofrecemos cobertura tanto a nivel nacional como internacional, con redes establecidas en Am\u00e9rica, Europa, Asia y otras regiones clave para el comercio global.[\/vc_toggle][vc_toggle title=&#8221;\u00bfC\u00f3mo puedo obtener una cotizaci\u00f3n para un env\u00edo?&#8221; css=&#8221;&#8221; el_id=&#8221;1478522703087-670d230f-260f&#8221;]Puede solicitar una cotizaci\u00f3n contactando a nuestro equipo de ventas a trav\u00e9s de WhatsApp o enviando un correo electr\u00f3nico a info@americargo.net, y estaremos encantados de ayudarle.[\/vc_toggle][vc_toggle title=&#8221;\u00bfC\u00f3mo rastreo mi mercanc\u00eda?&#8221; css=&#8221;&#8221; el_id=&#8221;1478522716305-f2e47146-4c4e&#8221;]Puede rastrear su env\u00edo en tiempo real utilizando nuestro sistema de seguimiento en l\u00ednea. Tambi\u00e9n puede realizar consultas personalizadas con nuestro equipo de tr\u00e1fico para obtener informaci\u00f3n adicional.[\/vc_toggle][\/vc_column_inner][vc_column_inner width=&#8221;1\/2&#8243;][vc_toggle title=&#8221;\u00bfC\u00f3mo aseguro mi carga?&#8221; css=&#8221;&#8221; el_id=&#8221;1478522718166-b31feb69-b6c7&#8243;]Ofrecemos opciones de seguro para mercanc\u00eda y contenedores, dise\u00f1adas para proteger su carga durante el tr\u00e1nsito. Le invitamos a consultar con nuestro equipo sobre las tarifas y coberturas disponibles.[\/vc_toggle][vc_toggle title=&#8221;\u00bfCu\u00e1les son las formas de pago aceptadas?&#8221; css=&#8221;&#8221; el_id=&#8221;1478522721458-642b49b5-3a44&#8243;]Aceptamos pagos mediante transferencias interbancarias, brindando un m\u00e9todo seguro y eficiente para nuestras transacciones.[\/vc_toggle][vc_toggle title=&#8221;\u00bfC\u00f3mo garantizan la seguridad de mi mercanc\u00eda durante el transporte?&#8221; css=&#8221;&#8221; el_id=&#8221;1478522721173-162dfed2-ee14&#8243;]Implementamos tecnolog\u00eda avanzada de monitoreo y seguimiento en tiempo real, as\u00ed como estrictos protocolos de seguridad, para asegurar que su mercanc\u00eda est\u00e9 protegida en todo momento durante el transporte.[\/vc_toggle][vc_toggle title=&#8221;\u00bfQu\u00e9 pasa si mi mercanc\u00eda sufre da\u00f1os durante el transporte?&#8221; css=&#8221;&#8221; el_id=&#8221;1478522720846-7a04063d-8ae1&#8243;]En caso de que su mercanc\u00eda sufra da\u00f1os durante el transporte, se llevar\u00e1 a cabo una revisi\u00f3n junto con el ejecutivo de tr\u00e1fico para determinar las circunstancias en las que ocurri\u00f3 el da\u00f1o y se establecer\u00e1 un m\u00e9todo de compensaci\u00f3n personalizado.[\/vc_toggle][\/vc_column_inner][\/vc_row_inner]<\/div><\/div><!-- \/.sc_content -->[vc_empty_space height=&#8221;8em&#8221; alter_height=&#8221;none&#8221; hide_on_mobile=&#8221;&#8221;][\/vc_column][\/vc_row][vc_row full_width=&#8221;stretch_row_content_no_spaces&#8221;][vc_column][vc_empty_space height=&#8221;55px&#8221; hide_on_mobile=&#8221;&#8221;][vc_column_text css=&#8221;&#8221;][instagram-feed feed=1][\/vc_column_text][vc_empty_space height=&#8221;55px&#8221; hide_on_mobile=&#8221;&#8221;][\/vc_column][\/vc_row]<\/p>\n<\/div>","protected":false},"excerpt":{"rendered":"<p>[vc_row][vc_column][vc_empty_space height=&#8221;5em&#8221; alter_height=&#8221;none&#8221; hide_on_mobile=&#8221;&#8221;][vc_row_inner][vc_column_inner][vc_empty_space hide_on_mobile=&#8221;&#8221;][\/vc_column_inner][\/vc_row_inner][vc_separator css=&#8221;&#8221;][\/vc_column][\/vc_row][vc_row full_width=&#8221;stretch_row&#8221; css=&#8221;.vc_custom_1748486997582{padding-top: 50px !important;padding-bottom: 50px !important;background-color: #004f94 !important;}&#8221;][vc_column][vc_column_text css=&#8221;&#8221;] LOG\u00cdSTICA INTERNACIONAL Y DE VANGUARDIA FLETES DE IMPORTACI\u00d3N Y EXPORTACI\u00d3N [\/vc_column_text][\/vc_column][\/vc_row][vc_row full_width=&#8221;stretch_row&#8221; css=&#8221;.vc_custom_1748487067521{background-color: #f2f2f2 !important;}&#8221;][vc_column][vc_empty_space height=&#8221;10.2em&#8221; alter_height=&#8221;none&#8221; hide_on_mobile=&#8221;&#8221;][vc_empty_space height=&#8221;8em&#8221; alter_height=&#8221;none&#8221; hide_on_mobile=&#8221;&#8221;][\/vc_column][\/vc_row][vc_row full_width=&#8221;stretch_row_content_no_spaces&#8221;][vc_column][vc_empty_space height=&#8221;55px&#8221; hide_on_mobile=&#8221;&#8221;][vc_column_text css=&#8221;&#8221;][instagram-feed feed=1][\/vc_column_text][vc_empty_space height=&#8221;55px&#8221; hide_on_mobile=&#8221;&#8221;][\/vc_column][\/vc_row]<\/p>\n","protected":false},"author":1,"featured_media":0,"parent":0,"menu_order":0,"comment_status":"closed","ping_status":"closed","template":"","meta":{"footnotes":""},"class_list":["post-21","page","type-page","status-publish","hentry"],"aioseo_notices":[],"_links":{"self":[{"href":"https:\/\/americargo.net\/eng\/wp-json\/wp\/v2\/pages\/21","targetHints":{"allow":["GET"]}}],"collection":[{"href":"https:\/\/americargo.net\/eng\/wp-json\/wp\/v2\/pages"}],"about":[{"href":"https:\/\/americargo.net\/eng\/wp-json\/wp\/v2\/types\/page"}],"author":[{"embeddable":true,"href":"https:\/\/americargo.net\/eng\/wp-json\/wp\/v2\/users\/1"}],"replies":[{"embeddable":true,"href":"https:\/\/americargo.net\/eng\/wp-json\/wp\/v2\/comments?post=21"}],"version-history":[{"count":58,"href":"https:\/\/americargo.net\/eng\/wp-json\/wp\/v2\/pages\/21\/revisions"}],"predecessor-version":[{"id":1838,"href":"https:\/\/americargo.net\/eng\/wp-json\/wp\/v2\/pages\/21\/revisions\/1838"}],"wp:attachment":[{"href":"https:\/\/americargo.net\/eng\/wp-json\/wp\/v2\/media?parent=21"}],"curies":[{"name":"wp","href":"https:\/\/api.w.org\/{rel}","templated":true}]}}